{"id":64,"date":"2024-04-24T16:26:51","date_gmt":"2024-04-24T19:26:51","guid":{"rendered":"https:\/\/blog2024.aulasninja.com\/?page_id=64"},"modified":"2025-07-26T11:03:06","modified_gmt":"2025-07-26T14:03:06","slug":"sobre","status":"publish","type":"page","link":"https:\/\/dmprotesesdentarias.com.br\/blog\/sobre\/","title":{"rendered":"Sobre"},"content":{"rendered":"\t\t<div data-elementor-type=\"wp-page\" data-elementor-id=\"64\" class=\"elementor elementor-64\" data-elementor-post-type=\"page\">\n\t\t\t\t<div class=\"elementor-element elementor-element-a19f74d e-flex e-con-boxed e-con e-parent\" data-id=\"a19f74d\" data-element_type=\"container\" data-e-type=\"container\" data-settings=\"{&quot;background_background&quot;:&quot;classic&quot;}\">\n\t\t\t\t\t<div class=\"e-con-inner\">\n\t\t\t\t<div class=\"elementor-element elementor-element-5d361fa elementor-widget elementor-widget-heading\" data-id=\"5d361fa\" data-element_type=\"widget\" data-e-type=\"widget\" data-widget_type=\"heading.default\">\n\t\t\t\t<div class=\"elementor-widget-container\">\n\t\t\t\t\t<h1 class=\"elementor-heading-title elementor-size-default\">Sobre n\u00f3s<\/h1>\t\t\t\t<\/div>\n\t\t\t\t<\/div>\n\t\t\t\t\t<\/div>\n\t\t\t\t<\/div>\n\t\t<div class=\"elementor-element elementor-element-18776ce e-flex e-con-boxed e-con e-parent\" data-id=\"18776ce\" data-element_type=\"container\" data-e-type=\"container\">\n\t\t\t\t\t<div class=\"e-con-inner\">\n\t\t<div class=\"elementor-element elementor-element-078c92e e-con-full e-flex e-con e-child\" data-id=\"078c92e\" data-element_type=\"container\" data-e-type=\"container\">\n\t\t\t\t<div class=\"elementor-element elementor-element-460620c elementor-widget elementor-widget-heading\" data-id=\"460620c\" data-element_type=\"widget\" data-e-type=\"widget\" data-widget_type=\"heading.default\">\n\t\t\t\t<div class=\"elementor-widget-container\">\n\t\t\t\t\t<h2 class=\"elementor-heading-title elementor-size-default\">Quem sou<\/h2>\t\t\t\t<\/div>\n\t\t\t\t<\/div>\n\t\t\t\t<div class=\"elementor-element elementor-element-e1b9e85 elementor-widget elementor-widget-text-editor\" data-id=\"e1b9e85\" data-element_type=\"widget\" data-e-type=\"widget\" data-widget_type=\"text-editor.default\">\n\t\t\t\t<div class=\"elementor-widget-container\">\n\t\t\t\t\t\t\t\t\t<h3 data-start=\"225\" data-end=\"298\">Daniela Melo \u2013 Especialista em Pr\u00f3tese Dent\u00e1ria com Amor pelo que Faz<\/h3><p data-start=\"300\" data-end=\"626\">Ol\u00e1, sou <strong data-start=\"309\" data-end=\"325\">Daniela Melo<\/strong>, profissional dedicada \u00e0 arte de confeccionar pr\u00f3teses dent\u00e1rias com precis\u00e3o, carinho e responsabilidade. H\u00e1 mais de <strong data-start=\"444\" data-end=\"454\">9 anos<\/strong> atuo nesse ramo, sempre com o compromisso de oferecer mais do que um produto: ofere\u00e7o solu\u00e7\u00f5es que devolvem <strong data-start=\"563\" data-end=\"607\">sorrisos, autoestima e qualidade de vida<\/strong> aos meus clientes.<\/p><p data-start=\"628\" data-end=\"986\">Ao longo da minha trajet\u00f3ria, j\u00e1 <strong data-start=\"661\" data-end=\"700\">confeccionei mais de 7.000 pr\u00f3teses<\/strong> e tive o privil\u00e9gio de <strong data-start=\"724\" data-end=\"758\">atender mais de 1.000 clientes<\/strong>, cada um com uma hist\u00f3ria \u00fanica e necessidades espec\u00edficas. Esse contato direto com cada paciente me fez entender que, mais do que t\u00e9cnica, o que transforma um bom servi\u00e7o em um resultado inesquec\u00edvel \u00e9 o cuidado em cada etapa.<\/p><p data-start=\"988\" data-end=\"1214\">Aqui, trabalhamos com o que h\u00e1 de melhor em materiais e t\u00e9cnicas para garantir que sua pr\u00f3tese tenha:<br data-start=\"1089\" data-end=\"1092\" \/>\u2705 Um acabamento caprichoso e natural<br data-start=\"1128\" data-end=\"1131\" \/>\u2705 Conforto ao usar<br data-start=\"1149\" data-end=\"1152\" \/>\u2705 Durabilidade<br data-start=\"1166\" data-end=\"1169\" \/>\u2705 E uma est\u00e9tica que valoriza o seu sorriso<\/p><p data-start=\"1216\" data-end=\"1417\">Al\u00e9m disso, oferecemos <strong data-start=\"1239\" data-end=\"1274\">a entrega mais r\u00e1pida da regi\u00e3o<\/strong>, sempre mantendo nosso alto padr\u00e3o de qualidade. Afinal, sabemos o quanto \u00e9 importante para voc\u00ea voltar a sorrir com confian\u00e7a o quanto antes.<\/p><p data-start=\"1419\" data-end=\"1551\">Cada pr\u00f3tese que entregamos \u00e9 feita com dedica\u00e7\u00e3o e amor. Esse \u00e9 o nosso diferencial: <strong data-start=\"1505\" data-end=\"1551\">trabalhamos como se fosse para n\u00f3s mesmos.<\/strong><\/p><p data-start=\"1553\" data-end=\"1697\">Seja bem-vindo(a) ao nosso espa\u00e7o!<br data-start=\"1587\" data-end=\"1590\" \/>Estamos prontos para cuidar do seu sorriso com responsabilidade, efici\u00eancia e um toque especial de carinho.<\/p><p data-start=\"1704\" data-end=\"1852\" data-is-last-node=\"\" data-is-only-node=\"\">\u00a0<\/p>\t\t\t\t\t\t\t\t<\/div>\n\t\t\t\t<\/div>\n\t\t\t\t<\/div>\n\t\t<div class=\"elementor-element elementor-element-2859966 e-con-full e-flex e-con e-child\" data-id=\"2859966\" data-element_type=\"container\" data-e-type=\"container\">\n\t\t\t\t<div class=\"elementor-element elementor-element-ea04a83 elementor-widget elementor-widget-image\" data-id=\"ea04a83\" data-element_type=\"widget\" data-e-type=\"widget\" data-widget_type=\"image.default\">\n\t\t\t\t<div class=\"elementor-widget-container\">\n\t\t\t\t\t\t\t\t\t\t\t\t\t\t\t<img fetchpriority=\"high\" decoding=\"async\" width=\"720\" height=\"1280\" src=\"https:\/\/dmprotesesdentarias.com.br\/blog\/wp-content\/uploads\/2025\/07\/5183652422919237730.jpg\" class=\"attachment-medium_large size-medium_large wp-image-260\" alt=\"\" srcset=\"https:\/\/dmprotesesdentarias.com.br\/blog\/wp-content\/uploads\/2025\/07\/5183652422919237730.jpg 720w, https:\/\/dmprotesesdentarias.com.br\/blog\/wp-content\/uploads\/2025\/07\/5183652422919237730-169x300.jpg 169w, https:\/\/dmprotesesdentarias.com.br\/blog\/wp-content\/uploads\/2025\/07\/5183652422919237730-576x1024.jpg 576w\" sizes=\"(max-width: 720px) 100vw, 720px\" \/>\t\t\t\t\t\t\t\t\t\t\t\t\t\t\t<\/div>\n\t\t\t\t<\/div>\n\t\t\t\t<\/div>\n\t\t\t\t\t<\/div>\n\t\t\t\t<\/div>\n\t\t\t\t<\/div>\n\t\t","protected":false},"excerpt":{"rendered":"<p>Sobre n\u00f3s Quem sou Daniela Melo \u2013 Especialista em Pr\u00f3tese Dent\u00e1ria com Amor pelo que Faz Ol\u00e1, sou Daniela Melo, profissional dedicada \u00e0 arte de confeccionar pr\u00f3teses dent\u00e1rias com precis\u00e3o, carinho e responsabilidade. H\u00e1 mais de 9 anos atuo nesse ramo, sempre com o compromisso de oferecer mais do que um produto: ofere\u00e7o solu\u00e7\u00f5es que [&hellip;]<\/p>\n","protected":false},"author":2,"featured_media":0,"parent":0,"menu_order":0,"comment_status":"closed","ping_status":"closed","template":"elementor_header_footer","meta":{"footnotes":""},"class_list":["post-64","page","type-page","status-publish","hentry"],"yoast_head":"<!-- This site is optimized with the Yoast SEO plugin v27.4 - https:\/\/yoast.com\/product\/yoast-seo-wordpress\/ -->\n<title>Sobre - DM Pr\u00f3teses Dent\u00e1rias<\/title>\n<meta name=\"robots\" content=\"index, follow, max-snippet:-1, max-image-preview:large, max-video-preview:-1\" \/>\n<link rel=\"canonical\" href=\"https:\/\/dmprotesesdentarias.com.br\/blog\/sobre\/\" \/>\n<meta property=\"og:locale\" content=\"pt_BR\" \/>\n<meta property=\"og:type\" content=\"article\" \/>\n<meta property=\"og:title\" content=\"Sobre - DM Pr\u00f3teses Dent\u00e1rias\" \/>\n<meta property=\"og:description\" content=\"Sobre n\u00f3s Quem sou Daniela Melo \u2013 Especialista em Pr\u00f3tese Dent\u00e1ria com Amor pelo que Faz Ol\u00e1, sou Daniela Melo, profissional dedicada \u00e0 arte de confeccionar pr\u00f3teses dent\u00e1rias com precis\u00e3o, carinho e responsabilidade. H\u00e1 mais de 9 anos atuo nesse ramo, sempre com o compromisso de oferecer mais do que um produto: ofere\u00e7o solu\u00e7\u00f5es que [&hellip;]\" \/>\n<meta property=\"og:url\" content=\"https:\/\/dmprotesesdentarias.com.br\/blog\/sobre\/\" \/>\n<meta property=\"og:site_name\" content=\"DM Pr\u00f3teses Dent\u00e1rias\" \/>\n<meta property=\"article:modified_time\" content=\"2025-07-26T14:03:06+00:00\" \/>\n<meta property=\"og:image\" content=\"https:\/\/dmprotesesdentarias.com.br\/blog\/wp-content\/uploads\/2025\/07\/5183652422919237730.jpg\" \/>\n\t<meta property=\"og:image:width\" content=\"720\" \/>\n\t<meta property=\"og:image:height\" content=\"1280\" \/>\n\t<meta property=\"og:image:type\" content=\"image\/jpeg\" \/>\n<meta name=\"twitter:card\" content=\"summary_large_image\" \/>\n<meta name=\"twitter:label1\" content=\"Est. tempo de leitura\" \/>\n\t<meta name=\"twitter:data1\" content=\"3 minutos\" \/>\n<script type=\"application\/ld+json\" class=\"yoast-schema-graph\">{\"@context\":\"https:\\\/\\\/schema.org\",\"@graph\":[{\"@type\":\"WebPage\",\"@id\":\"https:\\\/\\\/dmprotesesdentarias.com.br\\\/blog\\\/sobre\\\/\",\"url\":\"https:\\\/\\\/dmprotesesdentarias.com.br\\\/blog\\\/sobre\\\/\",\"name\":\"Sobre - DM Pr\u00f3teses Dent\u00e1rias\",\"isPartOf\":{\"@id\":\"https:\\\/\\\/dmprotesesdentarias.com.br\\\/blog\\\/#website\"},\"primaryImageOfPage\":{\"@id\":\"https:\\\/\\\/dmprotesesdentarias.com.br\\\/blog\\\/sobre\\\/#primaryimage\"},\"image\":{\"@id\":\"https:\\\/\\\/dmprotesesdentarias.com.br\\\/blog\\\/sobre\\\/#primaryimage\"},\"thumbnailUrl\":\"https:\\\/\\\/dmprotesesdentarias.com.br\\\/blog\\\/wp-content\\\/uploads\\\/2025\\\/07\\\/5183652422919237730.jpg\",\"datePublished\":\"2024-04-24T19:26:51+00:00\",\"dateModified\":\"2025-07-26T14:03:06+00:00\",\"breadcrumb\":{\"@id\":\"https:\\\/\\\/dmprotesesdentarias.com.br\\\/blog\\\/sobre\\\/#breadcrumb\"},\"inLanguage\":\"pt-BR\",\"potentialAction\":[{\"@type\":\"ReadAction\",\"target\":[\"https:\\\/\\\/dmprotesesdentarias.com.br\\\/blog\\\/sobre\\\/\"]}]},{\"@type\":\"ImageObject\",\"inLanguage\":\"pt-BR\",\"@id\":\"https:\\\/\\\/dmprotesesdentarias.com.br\\\/blog\\\/sobre\\\/#primaryimage\",\"url\":\"https:\\\/\\\/dmprotesesdentarias.com.br\\\/blog\\\/wp-content\\\/uploads\\\/2025\\\/07\\\/5183652422919237730.jpg\",\"contentUrl\":\"https:\\\/\\\/dmprotesesdentarias.com.br\\\/blog\\\/wp-content\\\/uploads\\\/2025\\\/07\\\/5183652422919237730.jpg\",\"width\":720,\"height\":1280},{\"@type\":\"BreadcrumbList\",\"@id\":\"https:\\\/\\\/dmprotesesdentarias.com.br\\\/blog\\\/sobre\\\/#breadcrumb\",\"itemListElement\":[{\"@type\":\"ListItem\",\"position\":1,\"name\":\"In\u00edcio\",\"item\":\"https:\\\/\\\/dmprotesesdentarias.com.br\\\/blog\\\/\"},{\"@type\":\"ListItem\",\"position\":2,\"name\":\"Sobre\"}]},{\"@type\":\"WebSite\",\"@id\":\"https:\\\/\\\/dmprotesesdentarias.com.br\\\/blog\\\/#website\",\"url\":\"https:\\\/\\\/dmprotesesdentarias.com.br\\\/blog\\\/\",\"name\":\"Emagrecimento Saud\u00e1vel\",\"description\":\"Dicas e Artigos para voc\u00ea emagrecer\",\"publisher\":{\"@id\":\"https:\\\/\\\/dmprotesesdentarias.com.br\\\/blog\\\/#organization\"},\"alternateName\":\"Emagrecimento Saud\u00e1vel\",\"potentialAction\":[{\"@type\":\"SearchAction\",\"target\":{\"@type\":\"EntryPoint\",\"urlTemplate\":\"https:\\\/\\\/dmprotesesdentarias.com.br\\\/blog\\\/?s={search_term_string}\"},\"query-input\":{\"@type\":\"PropertyValueSpecification\",\"valueRequired\":true,\"valueName\":\"search_term_string\"}}],\"inLanguage\":\"pt-BR\"},{\"@type\":\"Organization\",\"@id\":\"https:\\\/\\\/dmprotesesdentarias.com.br\\\/blog\\\/#organization\",\"name\":\"Emagrecimento Saud\u00e1vel\",\"url\":\"https:\\\/\\\/dmprotesesdentarias.com.br\\\/blog\\\/\",\"logo\":{\"@type\":\"ImageObject\",\"inLanguage\":\"pt-BR\",\"@id\":\"https:\\\/\\\/dmprotesesdentarias.com.br\\\/blog\\\/#\\\/schema\\\/logo\\\/image\\\/\",\"url\":\"https:\\\/\\\/dmprotesesdentarias.com.br\\\/blog\\\/wp-content\\\/uploads\\\/2024\\\/04\\\/logo-nova.png\",\"contentUrl\":\"https:\\\/\\\/dmprotesesdentarias.com.br\\\/blog\\\/wp-content\\\/uploads\\\/2024\\\/04\\\/logo-nova.png\",\"width\":219,\"height\":35,\"caption\":\"Emagrecimento Saud\u00e1vel\"},\"image\":{\"@id\":\"https:\\\/\\\/dmprotesesdentarias.com.br\\\/blog\\\/#\\\/schema\\\/logo\\\/image\\\/\"}}]}<\/script>\n<!-- \/ Yoast SEO plugin. -->","yoast_head_json":{"title":"Sobre - DM Pr\u00f3teses Dent\u00e1rias","robots":{"index":"index","follow":"follow","max-snippet":"max-snippet:-1","max-image-preview":"max-image-preview:large","max-video-preview":"max-video-preview:-1"},"canonical":"https:\/\/dmprotesesdentarias.com.br\/blog\/sobre\/","og_locale":"pt_BR","og_type":"article","og_title":"Sobre - DM Pr\u00f3teses Dent\u00e1rias","og_description":"Sobre n\u00f3s Quem sou Daniela Melo \u2013 Especialista em Pr\u00f3tese Dent\u00e1ria com Amor pelo que Faz Ol\u00e1, sou Daniela Melo, profissional dedicada \u00e0 arte de confeccionar pr\u00f3teses dent\u00e1rias com precis\u00e3o, carinho e responsabilidade. H\u00e1 mais de 9 anos atuo nesse ramo, sempre com o compromisso de oferecer mais do que um produto: ofere\u00e7o solu\u00e7\u00f5es que [&hellip;]","og_url":"https:\/\/dmprotesesdentarias.com.br\/blog\/sobre\/","og_site_name":"DM Pr\u00f3teses Dent\u00e1rias","article_modified_time":"2025-07-26T14:03:06+00:00","og_image":[{"width":720,"height":1280,"url":"https:\/\/dmprotesesdentarias.com.br\/blog\/wp-content\/uploads\/2025\/07\/5183652422919237730.jpg","type":"image\/jpeg"}],"twitter_card":"summary_large_image","twitter_misc":{"Est. tempo de leitura":"3 minutos"},"schema":{"@context":"https:\/\/schema.org","@graph":[{"@type":"WebPage","@id":"https:\/\/dmprotesesdentarias.com.br\/blog\/sobre\/","url":"https:\/\/dmprotesesdentarias.com.br\/blog\/sobre\/","name":"Sobre - DM Pr\u00f3teses Dent\u00e1rias","isPartOf":{"@id":"https:\/\/dmprotesesdentarias.com.br\/blog\/#website"},"primaryImageOfPage":{"@id":"https:\/\/dmprotesesdentarias.com.br\/blog\/sobre\/#primaryimage"},"image":{"@id":"https:\/\/dmprotesesdentarias.com.br\/blog\/sobre\/#primaryimage"},"thumbnailUrl":"https:\/\/dmprotesesdentarias.com.br\/blog\/wp-content\/uploads\/2025\/07\/5183652422919237730.jpg","datePublished":"2024-04-24T19:26:51+00:00","dateModified":"2025-07-26T14:03:06+00:00","breadcrumb":{"@id":"https:\/\/dmprotesesdentarias.com.br\/blog\/sobre\/#breadcrumb"},"inLanguage":"pt-BR","potentialAction":[{"@type":"ReadAction","target":["https:\/\/dmprotesesdentarias.com.br\/blog\/sobre\/"]}]},{"@type":"ImageObject","inLanguage":"pt-BR","@id":"https:\/\/dmprotesesdentarias.com.br\/blog\/sobre\/#primaryimage","url":"https:\/\/dmprotesesdentarias.com.br\/blog\/wp-content\/uploads\/2025\/07\/5183652422919237730.jpg","contentUrl":"https:\/\/dmprotesesdentarias.com.br\/blog\/wp-content\/uploads\/2025\/07\/5183652422919237730.jpg","width":720,"height":1280},{"@type":"BreadcrumbList","@id":"https:\/\/dmprotesesdentarias.com.br\/blog\/sobre\/#breadcrumb","itemListElement":[{"@type":"ListItem","position":1,"name":"In\u00edcio","item":"https:\/\/dmprotesesdentarias.com.br\/blog\/"},{"@type":"ListItem","position":2,"name":"Sobre"}]},{"@type":"WebSite","@id":"https:\/\/dmprotesesdentarias.com.br\/blog\/#website","url":"https:\/\/dmprotesesdentarias.com.br\/blog\/","name":"Emagrecimento Saud\u00e1vel","description":"Dicas e Artigos para voc\u00ea emagrecer","publisher":{"@id":"https:\/\/dmprotesesdentarias.com.br\/blog\/#organization"},"alternateName":"Emagrecimento Saud\u00e1vel","potentialAction":[{"@type":"SearchAction","target":{"@type":"EntryPoint","urlTemplate":"https:\/\/dmprotesesdentarias.com.br\/blog\/?s={search_term_string}"},"query-input":{"@type":"PropertyValueSpecification","valueRequired":true,"valueName":"search_term_string"}}],"inLanguage":"pt-BR"},{"@type":"Organization","@id":"https:\/\/dmprotesesdentarias.com.br\/blog\/#organization","name":"Emagrecimento Saud\u00e1vel","url":"https:\/\/dmprotesesdentarias.com.br\/blog\/","logo":{"@type":"ImageObject","inLanguage":"pt-BR","@id":"https:\/\/dmprotesesdentarias.com.br\/blog\/#\/schema\/logo\/image\/","url":"https:\/\/dmprotesesdentarias.com.br\/blog\/wp-content\/uploads\/2024\/04\/logo-nova.png","contentUrl":"https:\/\/dmprotesesdentarias.com.br\/blog\/wp-content\/uploads\/2024\/04\/logo-nova.png","width":219,"height":35,"caption":"Emagrecimento Saud\u00e1vel"},"image":{"@id":"https:\/\/dmprotesesdentarias.com.br\/blog\/#\/schema\/logo\/image\/"}}]}},"_links":{"self":[{"href":"https:\/\/dmprotesesdentarias.com.br\/blog\/wp-json\/wp\/v2\/pages\/64","targetHints":{"allow":["GET"]}}],"collection":[{"href":"https:\/\/dmprotesesdentarias.com.br\/blog\/wp-json\/wp\/v2\/pages"}],"about":[{"href":"https:\/\/dmprotesesdentarias.com.br\/blog\/wp-json\/wp\/v2\/types\/page"}],"author":[{"embeddable":true,"href":"https:\/\/dmprotesesdentarias.com.br\/blog\/wp-json\/wp\/v2\/users\/2"}],"replies":[{"embeddable":true,"href":"https:\/\/dmprotesesdentarias.com.br\/blog\/wp-json\/wp\/v2\/comments?post=64"}],"version-history":[{"count":10,"href":"https:\/\/dmprotesesdentarias.com.br\/blog\/wp-json\/wp\/v2\/pages\/64\/revisions"}],"predecessor-version":[{"id":279,"href":"https:\/\/dmprotesesdentarias.com.br\/blog\/wp-json\/wp\/v2\/pages\/64\/revisions\/279"}],"wp:attachment":[{"href":"https:\/\/dmprotesesdentarias.com.br\/blog\/wp-json\/wp\/v2\/media?parent=64"}],"curies":[{"name":"wp","href":"https:\/\/api.w.org\/{rel}","templated":true}]}}