{"id":68,"date":"2024-04-24T16:27:13","date_gmt":"2024-04-24T19:27:13","guid":{"rendered":"https:\/\/blog2024.aulasninja.com\/?page_id=68"},"modified":"2024-04-25T14:54:17","modified_gmt":"2024-04-25T17:54:17","slug":"politicas-de-privacidade","status":"publish","type":"page","link":"https:\/\/dmprotesesdentarias.com.br\/blog\/politicas-de-privacidade\/","title":{"rendered":"Pol\u00edticas de privacidade"},"content":{"rendered":"\t\t<div data-elementor-type=\"wp-page\" data-elementor-id=\"68\" class=\"elementor elementor-68\" data-elementor-post-type=\"page\">\n\t\t\t\t<div class=\"elementor-element elementor-element-9127a97 e-flex e-con-boxed e-con e-parent\" data-id=\"9127a97\" data-element_type=\"container\" data-e-type=\"container\">\n\t\t\t\t\t<div class=\"e-con-inner\">\n\t\t\t\t<div class=\"elementor-element elementor-element-39d131b elementor-widget elementor-widget-heading\" data-id=\"39d131b\" data-element_type=\"widget\" data-e-type=\"widget\" data-widget_type=\"heading.default\">\n\t\t\t\t<div class=\"elementor-widget-container\">\n\t\t\t\t\t<h1 class=\"elementor-heading-title elementor-size-default\">Pol\u00edticas de privacidade<\/h1>\t\t\t\t<\/div>\n\t\t\t\t<\/div>\n\t\t\t\t<div class=\"elementor-element elementor-element-35518df elementor-widget elementor-widget-text-editor\" data-id=\"35518df\" data-element_type=\"widget\" data-e-type=\"widget\" data-widget_type=\"text-editor.default\">\n\t\t\t\t<div class=\"elementor-widget-container\">\n\t\t\t\t\t\t\t\t\t<p class=\"p1\"><span class=\"s1\">Pol\u00edtica de Privacidade do Emagrecer Ninja<\/span><\/p><p class=\"p1\"><span class=\"s1\">\u00daltima atualiza\u00e7\u00e3o: [data]<\/span><\/p><p class=\"p1\"><span class=\"s1\">1. Informa\u00e7\u00f5es Gerais<\/span><\/p><p class=\"p1\"><span class=\"s1\">A presente Pol\u00edtica de Privacidade cont\u00e9m informa\u00e7\u00f5es sobre coleta, uso, armazenamento, tratamento e prote\u00e7\u00e3o dos dados pessoais dos usu\u00e1rios e visitantes do blog Emagrecer Ninja, com a finalidade de demonstrar absoluta transpar\u00eancia quanto ao assunto e esclarecer a todos interessados sobre os tipos de dados que s\u00e3o coletados, os motivos da coleta e a forma como os usu\u00e1rios podem gerenciar ou excluir suas informa\u00e7\u00f5es pessoais.<\/span><\/p><p class=\"p1\"><span class=\"s1\">2. Coleta de Dados Pessoais<\/span><\/p><p class=\"p1\"><span class=\"s1\">Ao utilizar o Emagrecer Ninja, voc\u00ea aceita a coleta de dados pessoais fornecidos por voc\u00ea e tamb\u00e9m dados coletados automaticamente, como caracter\u00edsticas do dispositivo de acesso, do navegador, IP (com data e hora), origem do IP, informa\u00e7\u00f5es sobre cliques, p\u00e1ginas acessadas, as p\u00e1ginas seguintes acessadas ap\u00f3s a sa\u00edda do blog, ou qualquer termo de busca digitado no site ou em refer\u00eancia a este.<\/span><\/p><p class=\"p1\"><span class=\"s1\">3. Uso dos Dados<\/span><\/p><p class=\"p1\"><span class=\"s1\">Os dados coletados t\u00eam como finalidade:<\/span><\/p><p class=\"p1\"><span class=\"s1\">Fornecer conte\u00fados personalizados e relevantes para os usu\u00e1rios;<\/span><\/p><p class=\"p1\"><span class=\"s1\">Melhorar a experi\u00eancia dos usu\u00e1rios no blog;<\/span><\/p><p class=\"p1\"><span class=\"s1\">Realizar comunica\u00e7\u00f5es de marketing relacionadas \u00e0s novidades do Emagrecer Ninja.<\/span><\/p><p class=\"p1\"><span class=\"s1\">4. Direitos do Usu\u00e1rio<\/span><\/p><p class=\"p1\"><span class=\"s1\">O usu\u00e1rio do site Emagrecer Ninja possui os seguintes direitos, conferidos pela Lei Geral de Prote\u00e7\u00e3o de Dados Pessoais (LGPD):<\/span><\/p><p class=\"p1\"><span class=\"s1\">Confirma\u00e7\u00e3o da exist\u00eancia de tratamento;<\/span><\/p><p class=\"p1\"><span class=\"s1\">Acesso aos dados;<\/span><\/p><p class=\"p1\"><span class=\"s1\">Corre\u00e7\u00e3o de dados incompletos, inexatos ou desatualizados;<\/span><\/p><p class=\"p1\"><span class=\"s1\">Anonimiza\u00e7\u00e3o, bloqueio ou elimina\u00e7\u00e3o de dados desnecess\u00e1rios, excessivos ou tratados em desconformidade com o disposto na lei;<\/span><\/p><p class=\"p1\"><span class=\"s1\">Portabilidade dos dados a outro fornecedor de servi\u00e7o ou produto, mediante requisi\u00e7\u00e3o expressa.<\/span><\/p><p class=\"p1\"><span class=\"s1\">5. Seguran\u00e7a dos Dados<\/span><\/p><p class=\"p1\"><span class=\"s1\">Comprometemo-nos a aplicar as medidas t\u00e9cnicas e organizativas aptas a proteger os dados pessoais de acessos n\u00e3o autorizados e de situa\u00e7\u00f5es de destrui\u00e7\u00e3o, perda, altera\u00e7\u00e3o, comunica\u00e7\u00e3o ou difus\u00e3o de tais dados.<\/span><\/p><p class=\"p1\"><span class=\"s1\">6. Contato<\/span><\/p><p class=\"p1\"><span class=\"s1\">Para exercer seus direitos de usu\u00e1rio, ou para qualquer esclarecimento sobre esta Pol\u00edtica de Privacidade, entre em contato conosco atrav\u00e9s do e-mail: [seu e-mail].<\/span><\/p>\t\t\t\t\t\t\t\t<\/div>\n\t\t\t\t<\/div>\n\t\t\t\t\t<\/div>\n\t\t\t\t<\/div>\n\t\t\t\t<\/div>\n\t\t","protected":false},"excerpt":{"rendered":"<p>Pol\u00edticas de privacidade Pol\u00edtica de Privacidade do Emagrecer Ninja \u00daltima atualiza\u00e7\u00e3o: [data] 1. Informa\u00e7\u00f5es Gerais A presente Pol\u00edtica de Privacidade cont\u00e9m informa\u00e7\u00f5es sobre coleta, uso, armazenamento, tratamento e prote\u00e7\u00e3o dos dados pessoais dos usu\u00e1rios e visitantes do blog Emagrecer Ninja, com a finalidade de demonstrar absoluta transpar\u00eancia quanto ao assunto e esclarecer a todos interessados [&hellip;]<\/p>\n","protected":false},"author":2,"featured_media":0,"parent":0,"menu_order":0,"comment_status":"closed","ping_status":"closed","template":"elementor_header_footer","meta":{"footnotes":""},"class_list":["post-68","page","type-page","status-publish","hentry"],"yoast_head":"<!-- This site is optimized with the Yoast SEO plugin v27.4 - https:\/\/yoast.com\/product\/yoast-seo-wordpress\/ -->\n<title>Pol\u00edticas de privacidade - DM Pr\u00f3teses Dent\u00e1rias<\/title>\n<meta name=\"robots\" content=\"index, follow, max-snippet:-1, max-image-preview:large, max-video-preview:-1\" \/>\n<link rel=\"canonical\" href=\"https:\/\/dmprotesesdentarias.com.br\/blog\/politicas-de-privacidade\/\" \/>\n<meta property=\"og:locale\" content=\"pt_BR\" \/>\n<meta property=\"og:type\" content=\"article\" \/>\n<meta property=\"og:title\" content=\"Pol\u00edticas de privacidade - DM Pr\u00f3teses Dent\u00e1rias\" \/>\n<meta property=\"og:description\" content=\"Pol\u00edticas de privacidade Pol\u00edtica de Privacidade do Emagrecer Ninja \u00daltima atualiza\u00e7\u00e3o: [data] 1. Informa\u00e7\u00f5es Gerais A presente Pol\u00edtica de Privacidade cont\u00e9m informa\u00e7\u00f5es sobre coleta, uso, armazenamento, tratamento e prote\u00e7\u00e3o dos dados pessoais dos usu\u00e1rios e visitantes do blog Emagrecer Ninja, com a finalidade de demonstrar absoluta transpar\u00eancia quanto ao assunto e esclarecer a todos interessados [&hellip;]\" \/>\n<meta property=\"og:url\" content=\"https:\/\/dmprotesesdentarias.com.br\/blog\/politicas-de-privacidade\/\" \/>\n<meta property=\"og:site_name\" content=\"DM Pr\u00f3teses Dent\u00e1rias\" \/>\n<meta property=\"article:modified_time\" content=\"2024-04-25T17:54:17+00:00\" \/>\n<meta name=\"twitter:card\" content=\"summary_large_image\" \/>\n<meta name=\"twitter:label1\" content=\"Est. tempo de leitura\" \/>\n\t<meta name=\"twitter:data1\" content=\"2 minutos\" \/>\n<script type=\"application\/ld+json\" class=\"yoast-schema-graph\">{\"@context\":\"https:\\\/\\\/schema.org\",\"@graph\":[{\"@type\":\"WebPage\",\"@id\":\"https:\\\/\\\/dmprotesesdentarias.com.br\\\/blog\\\/politicas-de-privacidade\\\/\",\"url\":\"https:\\\/\\\/dmprotesesdentarias.com.br\\\/blog\\\/politicas-de-privacidade\\\/\",\"name\":\"Pol\u00edticas de privacidade - DM Pr\u00f3teses Dent\u00e1rias\",\"isPartOf\":{\"@id\":\"https:\\\/\\\/dmprotesesdentarias.com.br\\\/blog\\\/#website\"},\"datePublished\":\"2024-04-24T19:27:13+00:00\",\"dateModified\":\"2024-04-25T17:54:17+00:00\",\"breadcrumb\":{\"@id\":\"https:\\\/\\\/dmprotesesdentarias.com.br\\\/blog\\\/politicas-de-privacidade\\\/#breadcrumb\"},\"inLanguage\":\"pt-BR\",\"potentialAction\":[{\"@type\":\"ReadAction\",\"target\":[\"https:\\\/\\\/dmprotesesdentarias.com.br\\\/blog\\\/politicas-de-privacidade\\\/\"]}]},{\"@type\":\"BreadcrumbList\",\"@id\":\"https:\\\/\\\/dmprotesesdentarias.com.br\\\/blog\\\/politicas-de-privacidade\\\/#breadcrumb\",\"itemListElement\":[{\"@type\":\"ListItem\",\"position\":1,\"name\":\"In\u00edcio\",\"item\":\"https:\\\/\\\/dmprotesesdentarias.com.br\\\/blog\\\/\"},{\"@type\":\"ListItem\",\"position\":2,\"name\":\"Pol\u00edticas de privacidade\"}]},{\"@type\":\"WebSite\",\"@id\":\"https:\\\/\\\/dmprotesesdentarias.com.br\\\/blog\\\/#website\",\"url\":\"https:\\\/\\\/dmprotesesdentarias.com.br\\\/blog\\\/\",\"name\":\"Emagrecimento Saud\u00e1vel\",\"description\":\"Dicas e Artigos para voc\u00ea emagrecer\",\"publisher\":{\"@id\":\"https:\\\/\\\/dmprotesesdentarias.com.br\\\/blog\\\/#organization\"},\"alternateName\":\"Emagrecimento Saud\u00e1vel\",\"potentialAction\":[{\"@type\":\"SearchAction\",\"target\":{\"@type\":\"EntryPoint\",\"urlTemplate\":\"https:\\\/\\\/dmprotesesdentarias.com.br\\\/blog\\\/?s={search_term_string}\"},\"query-input\":{\"@type\":\"PropertyValueSpecification\",\"valueRequired\":true,\"valueName\":\"search_term_string\"}}],\"inLanguage\":\"pt-BR\"},{\"@type\":\"Organization\",\"@id\":\"https:\\\/\\\/dmprotesesdentarias.com.br\\\/blog\\\/#organization\",\"name\":\"Emagrecimento Saud\u00e1vel\",\"url\":\"https:\\\/\\\/dmprotesesdentarias.com.br\\\/blog\\\/\",\"logo\":{\"@type\":\"ImageObject\",\"inLanguage\":\"pt-BR\",\"@id\":\"https:\\\/\\\/dmprotesesdentarias.com.br\\\/blog\\\/#\\\/schema\\\/logo\\\/image\\\/\",\"url\":\"https:\\\/\\\/dmprotesesdentarias.com.br\\\/blog\\\/wp-content\\\/uploads\\\/2024\\\/04\\\/logo-nova.png\",\"contentUrl\":\"https:\\\/\\\/dmprotesesdentarias.com.br\\\/blog\\\/wp-content\\\/uploads\\\/2024\\\/04\\\/logo-nova.png\",\"width\":219,\"height\":35,\"caption\":\"Emagrecimento Saud\u00e1vel\"},\"image\":{\"@id\":\"https:\\\/\\\/dmprotesesdentarias.com.br\\\/blog\\\/#\\\/schema\\\/logo\\\/image\\\/\"}}]}<\/script>\n<!-- \/ Yoast SEO plugin. -->","yoast_head_json":{"title":"Pol\u00edticas de privacidade - DM Pr\u00f3teses Dent\u00e1rias","robots":{"index":"index","follow":"follow","max-snippet":"max-snippet:-1","max-image-preview":"max-image-preview:large","max-video-preview":"max-video-preview:-1"},"canonical":"https:\/\/dmprotesesdentarias.com.br\/blog\/politicas-de-privacidade\/","og_locale":"pt_BR","og_type":"article","og_title":"Pol\u00edticas de privacidade - DM Pr\u00f3teses Dent\u00e1rias","og_description":"Pol\u00edticas de privacidade Pol\u00edtica de Privacidade do Emagrecer Ninja \u00daltima atualiza\u00e7\u00e3o: [data] 1. Informa\u00e7\u00f5es Gerais A presente Pol\u00edtica de Privacidade cont\u00e9m informa\u00e7\u00f5es sobre coleta, uso, armazenamento, tratamento e prote\u00e7\u00e3o dos dados pessoais dos usu\u00e1rios e visitantes do blog Emagrecer Ninja, com a finalidade de demonstrar absoluta transpar\u00eancia quanto ao assunto e esclarecer a todos interessados [&hellip;]","og_url":"https:\/\/dmprotesesdentarias.com.br\/blog\/politicas-de-privacidade\/","og_site_name":"DM Pr\u00f3teses Dent\u00e1rias","article_modified_time":"2024-04-25T17:54:17+00:00","twitter_card":"summary_large_image","twitter_misc":{"Est. tempo de leitura":"2 minutos"},"schema":{"@context":"https:\/\/schema.org","@graph":[{"@type":"WebPage","@id":"https:\/\/dmprotesesdentarias.com.br\/blog\/politicas-de-privacidade\/","url":"https:\/\/dmprotesesdentarias.com.br\/blog\/politicas-de-privacidade\/","name":"Pol\u00edticas de privacidade - DM Pr\u00f3teses Dent\u00e1rias","isPartOf":{"@id":"https:\/\/dmprotesesdentarias.com.br\/blog\/#website"},"datePublished":"2024-04-24T19:27:13+00:00","dateModified":"2024-04-25T17:54:17+00:00","breadcrumb":{"@id":"https:\/\/dmprotesesdentarias.com.br\/blog\/politicas-de-privacidade\/#breadcrumb"},"inLanguage":"pt-BR","potentialAction":[{"@type":"ReadAction","target":["https:\/\/dmprotesesdentarias.com.br\/blog\/politicas-de-privacidade\/"]}]},{"@type":"BreadcrumbList","@id":"https:\/\/dmprotesesdentarias.com.br\/blog\/politicas-de-privacidade\/#breadcrumb","itemListElement":[{"@type":"ListItem","position":1,"name":"In\u00edcio","item":"https:\/\/dmprotesesdentarias.com.br\/blog\/"},{"@type":"ListItem","position":2,"name":"Pol\u00edticas de privacidade"}]},{"@type":"WebSite","@id":"https:\/\/dmprotesesdentarias.com.br\/blog\/#website","url":"https:\/\/dmprotesesdentarias.com.br\/blog\/","name":"Emagrecimento Saud\u00e1vel","description":"Dicas e Artigos para voc\u00ea emagrecer","publisher":{"@id":"https:\/\/dmprotesesdentarias.com.br\/blog\/#organization"},"alternateName":"Emagrecimento Saud\u00e1vel","potentialAction":[{"@type":"SearchAction","target":{"@type":"EntryPoint","urlTemplate":"https:\/\/dmprotesesdentarias.com.br\/blog\/?s={search_term_string}"},"query-input":{"@type":"PropertyValueSpecification","valueRequired":true,"valueName":"search_term_string"}}],"inLanguage":"pt-BR"},{"@type":"Organization","@id":"https:\/\/dmprotesesdentarias.com.br\/blog\/#organization","name":"Emagrecimento Saud\u00e1vel","url":"https:\/\/dmprotesesdentarias.com.br\/blog\/","logo":{"@type":"ImageObject","inLanguage":"pt-BR","@id":"https:\/\/dmprotesesdentarias.com.br\/blog\/#\/schema\/logo\/image\/","url":"https:\/\/dmprotesesdentarias.com.br\/blog\/wp-content\/uploads\/2024\/04\/logo-nova.png","contentUrl":"https:\/\/dmprotesesdentarias.com.br\/blog\/wp-content\/uploads\/2024\/04\/logo-nova.png","width":219,"height":35,"caption":"Emagrecimento Saud\u00e1vel"},"image":{"@id":"https:\/\/dmprotesesdentarias.com.br\/blog\/#\/schema\/logo\/image\/"}}]}},"_links":{"self":[{"href":"https:\/\/dmprotesesdentarias.com.br\/blog\/wp-json\/wp\/v2\/pages\/68","targetHints":{"allow":["GET"]}}],"collection":[{"href":"https:\/\/dmprotesesdentarias.com.br\/blog\/wp-json\/wp\/v2\/pages"}],"about":[{"href":"https:\/\/dmprotesesdentarias.com.br\/blog\/wp-json\/wp\/v2\/types\/page"}],"author":[{"embeddable":true,"href":"https:\/\/dmprotesesdentarias.com.br\/blog\/wp-json\/wp\/v2\/users\/2"}],"replies":[{"embeddable":true,"href":"https:\/\/dmprotesesdentarias.com.br\/blog\/wp-json\/wp\/v2\/comments?post=68"}],"version-history":[{"count":4,"href":"https:\/\/dmprotesesdentarias.com.br\/blog\/wp-json\/wp\/v2\/pages\/68\/revisions"}],"predecessor-version":[{"id":180,"href":"https:\/\/dmprotesesdentarias.com.br\/blog\/wp-json\/wp\/v2\/pages\/68\/revisions\/180"}],"wp:attachment":[{"href":"https:\/\/dmprotesesdentarias.com.br\/blog\/wp-json\/wp\/v2\/media?parent=68"}],"curies":[{"name":"wp","href":"https:\/\/api.w.org\/{rel}","templated":true}]}}